{"id":2371,"date":"2025-03-10T12:15:23","date_gmt":"2025-03-10T10:15:23","guid":{"rendered":"https:\/\/kauppa.teekkarimuseo.fi\/?post_type=product&#038;p=2371"},"modified":"2025-03-24T10:39:54","modified_gmt":"2025-03-24T08:39:54","slug":"fuksi-councils-international-fuksisitsis-spring-2025-oldie-sign-up","status":"publish","type":"product","link":"https:\/\/kauppa.teekkarimuseo.fi\/en\/product\/fuksi-councils-international-fuksisitsis-spring-2025-oldie-sign-up\/","title":{"rendered":"Fuksi Council&#8217;s International Fuksisitsis Spring 2025 Oldie-sign-up"},"content":{"rendered":"<div class=\"text-content clearfix with-meta\" dir=\"auto\">\n<p>\ud83e\udd42<strong data-entity-type=\"MessageEntityBold\">International Fuksisitsis!<\/strong>\u00a0\ud83e\udd8a<\/p>\n<p>\ud83e\udd42International Fuksisitsis\ud83e\udd42<\/p>\n<p>Did you miss the fuksisitsis last Autumn? Do you still need the unique stamp to your fuksipass? Or do you just want to celebrate, make new friends and learn about the sitsi-culture in Tampere? Now is your chance, as the Fuksi council&#8217;s International Fuksisitsis are coming again on 3.4.2025 at Laulumaja (Takojankatu 1)\u2728<\/p>\n<p>Sign-up opens on 10.3. at 12 PM, and the ticket will cost 20\u20ac. The ticket can be purchased from TT-webstore. Dresscode for the evening is black tie\/formal embellished with your guild&#8217;s colours.<\/p>\n<p>&nbsp;<\/p>\n<p>TLDR:<br \/>\nWhat: International Fuksisitsis<br \/>\nWhere: Laulumaja (Takojankatu 1)<br \/>\nWhen: 3.4.2025<br \/>\nSign up: 10.3. <a class=\"text-entity-link\" dir=\"auto\" title=\"https:\/\/kauppa.teekkarimuseo.fi\/\" href=\"https:\/\/kauppa.teekkarimuseo.fi\/en\/\" target=\"_blank\" rel=\"noopener noreferrer\" data-entity-type=\"MessageEntityUrl\">HERE<\/a><\/p>\n<p>FIN:<\/p>\n<p>Fuksineuvoston kansainv\u00e4liset fuksisitsit ovat taas t\u00e4\u00e4ll\u00e4! Tapahtumaa vietet\u00e4\u00e4n Laulumajalla 3.4., ja ilmoittautuminen aukeaa 10.3. klo 12 TT:n nettikaupassa. Lipun hinta on 20\u20ac. Tapahtumaan ovat \u00e4\u00e4rimm\u00e4isen tervetulleita my\u00f6s kansalliset opiskelijat, mutta huomioittehan, ett\u00e4 tapahtuman kieli on englanti<\/p>\n<\/div>","protected":false},"excerpt":{"rendered":"<p>Fuksi Council International Sitsis 3.4.2025<\/p>","protected":false},"featured_media":2357,"template":"","meta":[],"product_cat":[25],"product_tag":[],"class_list":{"0":"post-2371","1":"product","2":"type-product","3":"status-publish","4":"has-post-thumbnail","6":"product_cat-fn","8":"first","9":"instock","10":"virtual","11":"sold-individually","12":"purchasable","13":"product-type-simple"},"jetpack_sharing_enabled":true,"_links":{"self":[{"href":"https:\/\/kauppa.teekkarimuseo.fi\/en\/wp-json\/wp\/v2\/product\/2371","targetHints":{"allow":["GET"]}}],"collection":[{"href":"https:\/\/kauppa.teekkarimuseo.fi\/en\/wp-json\/wp\/v2\/product"}],"about":[{"href":"https:\/\/kauppa.teekkarimuseo.fi\/en\/wp-json\/wp\/v2\/types\/product"}],"wp:featuredmedia":[{"embeddable":true,"href":"https:\/\/kauppa.teekkarimuseo.fi\/en\/wp-json\/wp\/v2\/media\/2357"}],"wp:attachment":[{"href":"https:\/\/kauppa.teekkarimuseo.fi\/en\/wp-json\/wp\/v2\/media?parent=2371"}],"wp:term":[{"taxonomy":"product_cat","embeddable":true,"href":"https:\/\/kauppa.teekkarimuseo.fi\/en\/wp-json\/wp\/v2\/product_cat?post=2371"},{"taxonomy":"product_tag","embeddable":true,"href":"https:\/\/kauppa.teekkarimuseo.fi\/en\/wp-json\/wp\/v2\/product_tag?post=2371"}],"curies":[{"name":"wp","href":"https:\/\/api.w.org\/{rel}","templated":true}]}}