{"id":2737,"date":"2025-08-28T19:35:20","date_gmt":"2025-08-28T16:35:20","guid":{"rendered":"https:\/\/kauppa.teekkarimuseo.fi\/?post_type=product&#038;p=2737"},"modified":"2025-09-22T10:46:17","modified_gmt":"2025-09-22T07:46:17","slug":"fuksineuvoston-fuksisitsit-syksy-2025-vanhukset","status":"publish","type":"product","link":"https:\/\/kauppa.teekkarimuseo.fi\/en\/product\/fuksineuvoston-fuksisitsit-syksy-2025-vanhukset\/","title":{"rendered":"Fuksineuvoston fuksisitsit syksy 2025 vanhukset"},"content":{"rendered":"<p>Syksyn siisteimm\u00e4t ja odotetuimmat sitsit ovat t\u00e4\u00e4ll\u00e4, eli Fuksineuvoston Fuksisitsit! \ud83e\udd29 Tule siis tutustumaan sitsaamisen saloihin uusien fuksiyst\u00e4viesi kanssa!<\/p>\n<p>Fuksisitsej\u00e4 vietet\u00e4\u00e4n 3.10. Messukyl\u00e4n ty\u00f6v\u00e4entalo (Messukyl\u00e4nkatu 47). Sitsit kustantavat 23 \u20ac ja t\u00e4nne ilmoittaudutaan Tampereen Teekkarien nettikaupan kautta 5.9. klo 12.00. Ole siis ajoissa valmiina, n\u00e4m\u00e4 liput vied\u00e4\u00e4n k\u00e4sist\u00e4!<\/p>\n<p>Sitsien teemana toimii CASINO ROYALE, kaiva siis kaapistasi p\u00e4\u00e4llesi juhlatamineet ja l\u00e4hde pit\u00e4m\u00e4\u00e4n hauskaa! Juhlien j\u00e4lkeen meno jatkuu halukkaiden kesken paikassa X!<\/p>\n<p>TL;DR:<br \/>\nMIT\u00c4(WHAT): Fuksineuvoston fuksisitsit<br \/>\nMISS\u00c4(WHERE):Messukyl\u00e4n ty\u00f6v\u00e4entalo (Messukyl\u00e4nkatu 47)<br \/>\nMILLOIN(WHEN): Perjantaina \/on Friday 3.10. klo 18<br \/>\nPUKUKOODI(DRESSCODE): Tummapuku \/ Creative black tie<br \/>\nHINTA(PRICE): 23\u20ac<br \/>\nILMOITTAUTUMINEN(REGISTRATION): 5.9 . klo 12.00!<\/p>","protected":false},"excerpt":{"rendered":"<p>FN Fuksisitsit 3.10.2025, fuksien ilmottautuminen<br \/>\nFN Fuksisitsis 3.10.2025 fuksi sign up<\/p>","protected":false},"featured_media":0,"template":"","meta":[],"product_cat":[25],"product_tag":[],"class_list":{"0":"post-2737","1":"product","2":"type-product","3":"status-publish","5":"product_cat-fn","7":"first","8":"instock","9":"virtual","10":"sold-individually","11":"purchasable","12":"product-type-simple"},"jetpack_sharing_enabled":true,"_links":{"self":[{"href":"https:\/\/kauppa.teekkarimuseo.fi\/en\/wp-json\/wp\/v2\/product\/2737","targetHints":{"allow":["GET"]}}],"collection":[{"href":"https:\/\/kauppa.teekkarimuseo.fi\/en\/wp-json\/wp\/v2\/product"}],"about":[{"href":"https:\/\/kauppa.teekkarimuseo.fi\/en\/wp-json\/wp\/v2\/types\/product"}],"wp:attachment":[{"href":"https:\/\/kauppa.teekkarimuseo.fi\/en\/wp-json\/wp\/v2\/media?parent=2737"}],"wp:term":[{"taxonomy":"product_cat","embeddable":true,"href":"https:\/\/kauppa.teekkarimuseo.fi\/en\/wp-json\/wp\/v2\/product_cat?post=2737"},{"taxonomy":"product_tag","embeddable":true,"href":"https:\/\/kauppa.teekkarimuseo.fi\/en\/wp-json\/wp\/v2\/product_tag?post=2737"}],"curies":[{"name":"wp","href":"https:\/\/api.w.org\/{rel}","templated":true}]}}